{"id":483,"date":"2021-10-18T19:55:24","date_gmt":"2021-10-18T22:55:24","guid":{"rendered":"https:\/\/interessatb.com.br\/?page_id=483"},"modified":"2025-10-20T09:25:15","modified_gmt":"2025-10-20T12:25:15","slug":"eventos","status":"publish","type":"page","link":"https:\/\/interessatb.com.br\/?page_id=483","title":{"rendered":"EVENTOS &#038; CURSOS"},"content":{"rendered":"\n<p>(mais recente primeiro)<\/p>\n\n\n\n<div class=\"wp-block-media-text is-stacked-on-mobile\"><figure class=\"wp-block-media-text__media\"><img loading=\"lazy\" decoding=\"async\" width=\"1000\" height=\"1000\" src=\"https:\/\/interessatb.com.br\/wp-content\/uploads\/2025\/10\/Curso-gratuito-SENAI-PMTB.jpg\" alt=\"\" class=\"wp-image-3183 size-full\" srcset=\"https:\/\/interessatb.com.br\/wp-content\/uploads\/2025\/10\/Curso-gratuito-SENAI-PMTB.jpg 1000w, https:\/\/interessatb.com.br\/wp-content\/uploads\/2025\/10\/Curso-gratuito-SENAI-PMTB-300x300.jpg 300w, https:\/\/interessatb.com.br\/wp-content\/uploads\/2025\/10\/Curso-gratuito-SENAI-PMTB-150x150.jpg 150w, https:\/\/interessatb.com.br\/wp-content\/uploads\/2025\/10\/Curso-gratuito-SENAI-PMTB-768x768.jpg 768w\" sizes=\"auto, (max-width: 1000px) 100vw, 1000px\" \/><\/figure><div class=\"wp-block-media-text__content\">\n<p>Diversos Cursos Gratuitos SENAI\/PMTB<\/p>\n\n\n\n<ul class=\"wp-block-list\">\n<li>Metrologia \u2013 Idade 14 anos<\/li>\n\n\n\n<li>In\u00edcio 28\/10\/2025 at\u00e9 04\/11\/2025\n<ul class=\"wp-block-list\">\n<li> <\/li>\n<\/ul>\n<\/li>\n\n\n\n<li>Primeiros Socorros \u2013 Idade 18 anos<\/li>\n\n\n\n<li>In\u00edcio 03\/11\/2025 at\u00e9 07\/11\/2025\n<ul class=\"wp-block-list\">\n<li> <\/li>\n<\/ul>\n<\/li>\n\n\n\n<li>Sa\u00fade Seguran\u00e7a no Trab. \u2013 18 anos<\/li>\n\n\n\n<li>In\u00edcio 10\/11\/2025 at\u00e914\/11\/2025\n<ul class=\"wp-block-list\">\n<li> <\/li>\n<\/ul>\n<\/li>\n\n\n\n<li>Manuten\u00e7\u00e3o Mec\u00e2nica \u2013 Idade 14 anos<\/li>\n\n\n\n<li>In\u00edcio 25\/11\/2025 at\u00e9 03\/12\/2025\n<ul class=\"wp-block-list\">\n<li> <\/li>\n<\/ul>\n<\/li>\n\n\n\n<li>Desenho T\u00e9cnico \u2013 Idade 14 anos<\/li>\n\n\n\n<li>In\u00edcio 26\/11\/2025 at\u00e9 11\/12\/2025<\/li>\n<\/ul>\n\n\n\n<p>Local das aulas: SENAI<\/p>\n\n\n\n<p>Hor\u00e1rio:  sempre das 13h30 \u00e0s 17h30<\/p>\n\n\n\n<p>Inscri\u00e7\u00e3o no aplicativo \u201cTel\u00eamaco Digital\u201d<\/p>\n<\/div><\/div>\n\n\n\n<p><\/p>\n\n\n\n<p><\/p>\n","protected":false},"excerpt":{"rendered":"<div class=\"mh-excerpt\"><p>(mais recente primeiro)<\/p>\n<\/div>","protected":false},"author":1,"featured_media":0,"parent":0,"menu_order":0,"comment_status":"closed","ping_status":"closed","template":"","meta":{"footnotes":""},"class_list":["post-483","page","type-page","status-publish","hentry"],"_links":{"self":[{"href":"https:\/\/interessatb.com.br\/index.php?rest_route=\/wp\/v2\/pages\/483","targetHints":{"allow":["GET"]}}],"collection":[{"href":"https:\/\/interessatb.com.br\/index.php?rest_route=\/wp\/v2\/pages"}],"about":[{"href":"https:\/\/interessatb.com.br\/index.php?rest_route=\/wp\/v2\/types\/page"}],"author":[{"embeddable":true,"href":"https:\/\/interessatb.com.br\/index.php?rest_route=\/wp\/v2\/users\/1"}],"replies":[{"embeddable":true,"href":"https:\/\/interessatb.com.br\/index.php?rest_route=%2Fwp%2Fv2%2Fcomments&post=483"}],"version-history":[{"count":176,"href":"https:\/\/interessatb.com.br\/index.php?rest_route=\/wp\/v2\/pages\/483\/revisions"}],"predecessor-version":[{"id":3186,"href":"https:\/\/interessatb.com.br\/index.php?rest_route=\/wp\/v2\/pages\/483\/revisions\/3186"}],"wp:attachment":[{"href":"https:\/\/interessatb.com.br\/index.php?rest_route=%2Fwp%2Fv2%2Fmedia&parent=483"}],"curies":[{"name":"wp","href":"https:\/\/api.w.org\/{rel}","templated":true}]}}