{"id":51,"date":"2021-07-18T10:58:22","date_gmt":"2021-07-18T13:58:22","guid":{"rendered":"https:\/\/interessatb.com.br\/?page_id=51"},"modified":"2021-07-18T10:58:22","modified_gmt":"2021-07-18T13:58:22","slug":"sobre","status":"publish","type":"page","link":"https:\/\/interessatb.com.br\/?page_id=51","title":{"rendered":"SOBRE"},"content":{"rendered":"\n<p><strong>Interessa TB<\/strong> \u00e9 um canal de comunica\u00e7\u00e3o que se prop\u00f5e a divulgar not\u00edcias relevantes para o munic\u00edpio de Tel\u00eamaco Borba e regi\u00e3o. Pretende atingir este objetivo com uma leitura leve e agrad\u00e1vel, com atualiza\u00e7\u00e3o constante de conte\u00fado. <\/p>\n\n\n\n<p>Ap\u00f3s alguns projetos-piloto, <strong>Interessa TB<\/strong> inicia suas atividades em julho de 2021, e espera contar com o prest\u00edgio, apoio e participa\u00e7\u00e3o de uma comunidade que consome informa\u00e7\u00e3o em nossa regi\u00e3o.<\/p>\n\n\n\n<p>\u00c9 uma iniciativa local, sob a coordena\u00e7\u00e3o da empresa CASOTEC Consultoria e Assessoria, que desenvolve iniciativas na \u00e1rea de tecnologia, desenvolvimento de softwares e educa\u00e7\u00e3o. Atua no segmento de tecnologia desde 1994 e no segmento educacional desde 2017.<\/p>\n\n\n\n<p><\/p>\n\n\n\n<p><\/p>\n","protected":false},"excerpt":{"rendered":"<div class=\"mh-excerpt\"><p>Interessa TB \u00e9 um canal de comunica\u00e7\u00e3o que se prop\u00f5e a divulgar not\u00edcias relevantes para o munic\u00edpio de Tel\u00eamaco Borba e regi\u00e3o. Pretende atingir este <a class=\"mh-excerpt-more\" href=\"https:\/\/interessatb.com.br\/?page_id=51\" title=\"SOBRE\">[&#8230;]<\/a><\/p>\n<\/div>","protected":false},"author":1,"featured_media":0,"parent":0,"menu_order":0,"comment_status":"closed","ping_status":"closed","template":"","meta":{"footnotes":""},"class_list":["post-51","page","type-page","status-publish","hentry"],"_links":{"self":[{"href":"https:\/\/interessatb.com.br\/index.php?rest_route=\/wp\/v2\/pages\/51","targetHints":{"allow":["GET"]}}],"collection":[{"href":"https:\/\/interessatb.com.br\/index.php?rest_route=\/wp\/v2\/pages"}],"about":[{"href":"https:\/\/interessatb.com.br\/index.php?rest_route=\/wp\/v2\/types\/page"}],"author":[{"embeddable":true,"href":"https:\/\/interessatb.com.br\/index.php?rest_route=\/wp\/v2\/users\/1"}],"replies":[{"embeddable":true,"href":"https:\/\/interessatb.com.br\/index.php?rest_route=%2Fwp%2Fv2%2Fcomments&post=51"}],"version-history":[{"count":0,"href":"https:\/\/interessatb.com.br\/index.php?rest_route=\/wp\/v2\/pages\/51\/revisions"}],"wp:attachment":[{"href":"https:\/\/interessatb.com.br\/index.php?rest_route=%2Fwp%2Fv2%2Fmedia&parent=51"}],"curies":[{"name":"wp","href":"https:\/\/api.w.org\/{rel}","templated":true}]}}